{"id":1641,"date":"2026-02-24T10:55:36","date_gmt":"2026-02-24T10:55:36","guid":{"rendered":"https:\/\/www.crodino.com\/de-de\/?page_id=1641"},"modified":"2026-03-02T18:47:07","modified_gmt":"2026-03-02T18:47:07","slug":"kontakt","status":"publish","type":"page","link":"https:\/\/www.crodino.com\/de-de\/kontakt\/","title":{"rendered":"Kontakt"},"content":{"rendered":"","protected":false},"excerpt":{"rendered":"","protected":false},"author":10018,"featured_media":0,"parent":0,"menu_order":0,"comment_status":"closed","ping_status":"closed","template":"templates\/tpl-blocks.php","meta":{"_acf_changed":false,"footnotes":""},"class_list":["post-1641","page","type-page","status-publish","hentry"],"acf":[],"yoast_head":"\nKontaktieren Sie uns | Crodino<\/title>\n<meta name=\"description\" content=\"Sie m\u00f6chten mehr \u00fcber unsere Produkte erfahren? F\u00fcllen Sie das Formular aus und senden Sie uns Ihre Anfrage. Wir helfen Ihnen gerne weiter.\" \/>\n<meta name=\"robots\" content=\"index, follow, max-snippet:-1, max-image-preview:large, max-video-preview:-1\" \/>\n<meta property=\"og:type\" content=\"article\" \/>\n<meta property=\"og:title\" content=\"Kontaktieren Sie uns | Crodino\" \/>\n<meta property=\"og:description\" content=\"Sie m\u00f6chten mehr \u00fcber unsere Produkte erfahren? F\u00fcllen Sie das Formular aus und senden Sie uns Ihre Anfrage. Wir helfen Ihnen gerne weiter.\" \/>\n<meta property=\"og:url\" content=\"https:\/\/www.crodino.com\/de-de\/kontakt\/\" \/>\n<meta property=\"og:site_name\" content=\"Crodino - de-de\" \/>\n<meta property=\"article:modified_time\" content=\"2026-03-02T18:47:07+00:00\" \/>\n<meta name=\"twitter:card\" content=\"summary_large_image\" \/>\n<!-- \/ Yoast SEO plugin. -->","yoast_head_json":{"title":"Kontaktieren Sie uns | Crodino","description":"Sie m\u00f6chten mehr \u00fcber unsere Produkte erfahren? F\u00fcllen Sie das Formular aus und senden Sie uns Ihre Anfrage. Wir helfen Ihnen gerne weiter.","robots":{"index":"index","follow":"follow","max-snippet":"max-snippet:-1","max-image-preview":"max-image-preview:large","max-video-preview":"max-video-preview:-1"},"og_type":"article","og_title":"Kontaktieren Sie uns | Crodino","og_description":"Sie m\u00f6chten mehr \u00fcber unsere Produkte erfahren? F\u00fcllen Sie das Formular aus und senden Sie uns Ihre Anfrage. Wir helfen Ihnen gerne weiter.","og_url":"https:\/\/www.crodino.com\/de-de\/kontakt\/","og_site_name":"Crodino - de-de","article_modified_time":"2026-03-02T18:47:07+00:00","twitter_card":"summary_large_image","schema":{"@context":"https:\/\/schema.org","@graph":[{"@type":"WebPage","@id":"https:\/\/www.crodino.com\/de-de\/kontakt\/","url":"https:\/\/www.crodino.com\/de-de\/kontakt\/","name":"Kontaktieren Sie uns | Crodino","isPartOf":{"@id":"https:\/\/www.crodino.com\/de-de\/#website"},"datePublished":"2026-02-24T10:55:36+00:00","dateModified":"2026-03-02T18:47:07+00:00","description":"Sie m\u00f6chten mehr \u00fcber unsere Produkte erfahren? F\u00fcllen Sie das Formular aus und senden Sie uns Ihre Anfrage. Wir helfen Ihnen gerne weiter.","breadcrumb":{"@id":"https:\/\/www.crodino.com\/de-de\/kontakt\/#breadcrumb"},"inLanguage":"de-DE","potentialAction":[{"@type":"ReadAction","target":["https:\/\/www.crodino.com\/de-de\/kontakt\/"]}]},{"@type":"BreadcrumbList","@id":"https:\/\/www.crodino.com\/de-de\/kontakt\/#breadcrumb","itemListElement":[{"@type":"ListItem","position":1,"name":"Home","item":"https:\/\/www.crodino.com\/de-de\/"},{"@type":"ListItem","position":2,"name":"Kontakt"}]},{"@type":"WebSite","@id":"https:\/\/www.crodino.com\/de-de\/#website","url":"https:\/\/www.crodino.com\/de-de\/","name":"Crodino - de-de","description":"www.crodino.com","potentialAction":[{"@type":"SearchAction","target":{"@type":"EntryPoint","urlTemplate":"https:\/\/www.crodino.com\/de-de\/?s={search_term_string}"},"query-input":{"@type":"PropertyValueSpecification","valueRequired":true,"valueName":"search_term_string"}}],"inLanguage":"de-DE"}]}},"_links":{"self":[{"href":"https:\/\/www.crodino.com\/de-de\/wp-json\/wp\/v2\/pages\/1641","targetHints":{"allow":["GET"]}}],"collection":[{"href":"https:\/\/www.crodino.com\/de-de\/wp-json\/wp\/v2\/pages"}],"about":[{"href":"https:\/\/www.crodino.com\/de-de\/wp-json\/wp\/v2\/types\/page"}],"author":[{"embeddable":true,"href":"https:\/\/www.crodino.com\/de-de\/wp-json\/wp\/v2\/users\/10018"}],"replies":[{"embeddable":true,"href":"https:\/\/www.crodino.com\/de-de\/wp-json\/wp\/v2\/comments?post=1641"}],"version-history":[{"count":5,"href":"https:\/\/www.crodino.com\/de-de\/wp-json\/wp\/v2\/pages\/1641\/revisions"}],"predecessor-version":[{"id":1655,"href":"https:\/\/www.crodino.com\/de-de\/wp-json\/wp\/v2\/pages\/1641\/revisions\/1655"}],"wp:attachment":[{"href":"https:\/\/www.crodino.com\/de-de\/wp-json\/wp\/v2\/media?parent=1641"}],"curies":[{"name":"wp","href":"https:\/\/api.w.org\/{rel}","templated":true}]}}